{"id":41,"date":"2016-02-10T21:40:43","date_gmt":"2016-02-10T21:40:43","guid":{"rendered":"http:\/\/neu-in-stemwede.de\/?page_id=41"},"modified":"2024-01-19T13:46:40","modified_gmt":"2024-01-19T13:46:40","slug":"herzlich-willkommen","status":"publish","type":"page","link":"https:\/\/neu-in-stemwede.de\/fr\/","title":{"rendered":"Bienvenue"},"content":{"rendered":"<p>L&rsquo;aide aux r\u00e9fugi\u00e9s de Stemwede soutient les demandeurs d&rsquo;asile et les r\u00e9fugi\u00e9s de la communaut\u00e9 de Stemwede sur une base volontaire et \u00e0 temps plein. \u00c0 l&rsquo;avenir, cette page fournira toutes les informations pour les nouveaux arrivants dans notre communaut\u00e9. Mais c&rsquo;est aussi un lieu pour toutes les personnes qui souhaiteraient nous soutenir dans ce travail avec des conseils, du soutien, du mat\u00e9riel ou de l&rsquo;argent.<\/p>\n<p><img loading=\"lazy\" decoding=\"async\" class=\"wp-image-306 alignleft\" src=\"https:\/\/neu-in-stemwede.de\/wp-content\/uploads\/2024\/01\/Channel_Fluechtlingshilfe-300x300.png\" alt=\"\" width=\"82\" height=\"82\" srcset=\"https:\/\/neu-in-stemwede.de\/wp-content\/uploads\/2024\/01\/Channel_Fluechtlingshilfe-300x300.png 300w, https:\/\/neu-in-stemwede.de\/wp-content\/uploads\/2024\/01\/Channel_Fluechtlingshilfe-150x150.png 150w, https:\/\/neu-in-stemwede.de\/wp-content\/uploads\/2024\/01\/Channel_Fluechtlingshilfe.png 500w\" sizes=\"auto, (max-width: 82px) 100vw, 82px\" \/>Nous diffusons les derni\u00e8res informations sur le th\u00e8me \u00ab Nouveau \u00e0 Stemwede \u00bb via notre canal WhatsApp, aide aux r\u00e9fugi\u00e9s Stemwede. N&rsquo;h\u00e9sitez pas \u00e0 le suivre &#8211; scannez simplement le code QR \u00e0 droite. Si vous avez des informations que nous aimerions partager ici, veuillez utiliser les options de contact sur cette page.<\/p>\n<p>Notre magasin de v\u00eatements \u00ab Sch\u00f6ne Dinge \u00bb est ouvert tous les mercredis de 17h \u00e0 19h. Ici vous pouvez trouver des v\u00eatements gratuits, des jeux et des objets du quotidien. Nous sommes \u00e9galement heureux d\u2019accepter vos dons en ce moment. Vous nous trouverez \u00e0 Wehdem, Am Schulzentrum 8 (dans l&rsquo;ancien b\u00e2timent principal de l&rsquo;\u00e9cole avec entr\u00e9e sur le parking de la VHS et du commissariat de police).<\/p>\n<p><img loading=\"lazy\" decoding=\"async\" class=\"aligncenter wp-image-292 size-large\" src=\"https:\/\/neu-in-stemwede.de\/wp-content\/uploads\/2024\/01\/WhatsApp-Image-2024-01-15-at-10.08.491-1024x492.jpeg\" alt=\"\" width=\"540\" height=\"259\" srcset=\"https:\/\/neu-in-stemwede.de\/wp-content\/uploads\/2024\/01\/WhatsApp-Image-2024-01-15-at-10.08.491-1024x492.jpeg 1024w, https:\/\/neu-in-stemwede.de\/wp-content\/uploads\/2024\/01\/WhatsApp-Image-2024-01-15-at-10.08.491-300x144.jpeg 300w, https:\/\/neu-in-stemwede.de\/wp-content\/uploads\/2024\/01\/WhatsApp-Image-2024-01-15-at-10.08.491-768x369.jpeg 768w, https:\/\/neu-in-stemwede.de\/wp-content\/uploads\/2024\/01\/WhatsApp-Image-2024-01-15-at-10.08.491.jpeg 1198w\" sizes=\"auto, (max-width: 540px) 100vw, 540px\" \/><\/p>","protected":false},"excerpt":{"rendered":"<p>L&rsquo;aide aux r\u00e9fugi\u00e9s de Stemwede soutient les demandeurs d&rsquo;asile et les r\u00e9fugi\u00e9s de la communaut\u00e9 de Stemwede sur une base volontaire et \u00e0 temps plein. \u00c0 l&rsquo;avenir, cette page fournira toutes les informations pour les nouveaux arrivants dans notre communaut\u00e9. <a class=\"more-link\" href=\"https:\/\/neu-in-stemwede.de\/fr\/\">weiterlesen&#8230;<\/a><\/p>\n","protected":false},"author":1,"featured_media":0,"parent":0,"menu_order":0,"comment_status":"closed","ping_status":"closed","template":"","meta":{"footnotes":""},"class_list":["post-41","page","type-page","status-publish","hentry"],"_links":{"self":[{"href":"https:\/\/neu-in-stemwede.de\/fr\/wp-json\/wp\/v2\/pages\/41","targetHints":{"allow":["GET"]}}],"collection":[{"href":"https:\/\/neu-in-stemwede.de\/fr\/wp-json\/wp\/v2\/pages"}],"about":[{"href":"https:\/\/neu-in-stemwede.de\/fr\/wp-json\/wp\/v2\/types\/page"}],"author":[{"embeddable":true,"href":"https:\/\/neu-in-stemwede.de\/fr\/wp-json\/wp\/v2\/users\/1"}],"replies":[{"embeddable":true,"href":"https:\/\/neu-in-stemwede.de\/fr\/wp-json\/wp\/v2\/comments?post=41"}],"version-history":[{"count":11,"href":"https:\/\/neu-in-stemwede.de\/fr\/wp-json\/wp\/v2\/pages\/41\/revisions"}],"predecessor-version":[{"id":317,"href":"https:\/\/neu-in-stemwede.de\/fr\/wp-json\/wp\/v2\/pages\/41\/revisions\/317"}],"wp:attachment":[{"href":"https:\/\/neu-in-stemwede.de\/fr\/wp-json\/wp\/v2\/media?parent=41"}],"curies":[{"name":"wp","href":"https:\/\/api.w.org\/{rel}","templated":true}]}}