{"id":37,"date":"2016-02-10T21:37:11","date_gmt":"2016-02-10T21:37:11","guid":{"rendered":"http:\/\/neu-in-stemwede.de\/?page_id=37"},"modified":"2024-01-11T23:07:21","modified_gmt":"2024-01-11T23:07:21","slug":"partner","status":"publish","type":"page","link":"https:\/\/neu-in-stemwede.de\/fr\/partner\/","title":{"rendered":"Partenaire"},"content":{"rendered":"<p>L&rsquo;aide aux r\u00e9fugi\u00e9s de Stemwede avec le groupe de travail sur l&rsquo;asile est soutenue par\u00a0:<\/p>\n<p><img loading=\"lazy\" decoding=\"async\" class=\"wp-image-244 alignleft\" src=\"https:\/\/neu-in-stemwede.de\/wp-content\/uploads\/2023\/12\/jfk-logo-komplett.png\" alt=\"\" width=\"182\" height=\"104\" srcset=\"https:\/\/neu-in-stemwede.de\/wp-content\/uploads\/2023\/12\/jfk-logo-komplett.png 1474w, https:\/\/neu-in-stemwede.de\/wp-content\/uploads\/2023\/12\/jfk-logo-komplett-300x171.png 300w, https:\/\/neu-in-stemwede.de\/wp-content\/uploads\/2023\/12\/jfk-logo-komplett-1024x585.png 1024w, https:\/\/neu-in-stemwede.de\/wp-content\/uploads\/2023\/12\/jfk-logo-komplett-768x439.png 768w\" sizes=\"auto, (max-width: 182px) 100vw, 182px\" \/><\/p>\n<p>&nbsp;<\/p>\n<p>&nbsp;<\/p>\n<p>&nbsp;<\/p>\n<p>&nbsp;<\/p>\n<p>travaille au nom de la communaut\u00e9<\/p>\n<p><img loading=\"lazy\" decoding=\"async\" class=\"wp-image-245 alignleft\" src=\"https:\/\/neu-in-stemwede.de\/wp-content\/uploads\/2023\/12\/2022_Stemwede_Touristiklogo.png\" alt=\"\" width=\"285\" height=\"117\" srcset=\"https:\/\/neu-in-stemwede.de\/wp-content\/uploads\/2023\/12\/2022_Stemwede_Touristiklogo.png 1727w, https:\/\/neu-in-stemwede.de\/wp-content\/uploads\/2023\/12\/2022_Stemwede_Touristiklogo-300x123.png 300w, https:\/\/neu-in-stemwede.de\/wp-content\/uploads\/2023\/12\/2022_Stemwede_Touristiklogo-1024x421.png 1024w, https:\/\/neu-in-stemwede.de\/wp-content\/uploads\/2023\/12\/2022_Stemwede_Touristiklogo-768x316.png 768w, https:\/\/neu-in-stemwede.de\/wp-content\/uploads\/2023\/12\/2022_Stemwede_Touristiklogo-1536x631.png 1536w\" sizes=\"auto, (max-width: 285px) 100vw, 285px\" \/><\/p>\n<p>&nbsp;<\/p>\n<p>&nbsp;<\/p>\n<p>&nbsp;<\/p>\n<p>&nbsp;<\/p>\n<p>Ce site Internet a \u00e9t\u00e9 cr\u00e9\u00e9 dans le cadre de \u00ab KOMM-AN NRW \u00bb avec des fonds du<br \/>\nLand de Rh\u00e9nanie du Nord-Westphalie<\/p>\n<p><img loading=\"lazy\" decoding=\"async\" class=\"wp-image-248 alignleft\" src=\"https:\/\/neu-in-stemwede.de\/wp-content\/uploads\/2023\/12\/komm-an-logo-rz-web-300x289.png\" alt=\"\" width=\"93\" height=\"89\" srcset=\"https:\/\/neu-in-stemwede.de\/wp-content\/uploads\/2023\/12\/komm-an-logo-rz-web-300x289.png 300w, https:\/\/neu-in-stemwede.de\/wp-content\/uploads\/2023\/12\/komm-an-logo-rz-web-1024x986.png 1024w, https:\/\/neu-in-stemwede.de\/wp-content\/uploads\/2023\/12\/komm-an-logo-rz-web-768x740.png 768w, https:\/\/neu-in-stemwede.de\/wp-content\/uploads\/2023\/12\/komm-an-logo-rz-web-1536x1479.png 1536w, https:\/\/neu-in-stemwede.de\/wp-content\/uploads\/2023\/12\/komm-an-logo-rz-web.png 1595w\" sizes=\"auto, (max-width: 93px) 100vw, 93px\" \/><\/p>\n<p>&nbsp;<\/p>\n<p>&nbsp;<\/p>\n<p>&nbsp;<\/p>\n<p><img loading=\"lazy\" decoding=\"async\" class=\"wp-image-39 alignleft\" src=\"http:\/\/neu-in-stemwede.de\/wp-content\/uploads\/2016\/02\/nrw_mais_cmyk1.jpg\" alt=\"nrw_mags_cmyk\" width=\"348\" height=\"71\" srcset=\"https:\/\/neu-in-stemwede.de\/wp-content\/uploads\/2016\/02\/nrw_mais_cmyk1.jpg 4614w, https:\/\/neu-in-stemwede.de\/wp-content\/uploads\/2016\/02\/nrw_mais_cmyk1-300x61.jpg 300w, https:\/\/neu-in-stemwede.de\/wp-content\/uploads\/2016\/02\/nrw_mais_cmyk1-768x157.jpg 768w, https:\/\/neu-in-stemwede.de\/wp-content\/uploads\/2016\/02\/nrw_mais_cmyk1-1024x209.jpg 1024w\" sizes=\"auto, (max-width: 348px) 100vw, 348px\" \/><\/p>","protected":false},"excerpt":{"rendered":"<p>L&rsquo;aide aux r\u00e9fugi\u00e9s de Stemwede avec le groupe de travail sur l&rsquo;asile est soutenue par\u00a0: &nbsp; &nbsp; &nbsp; &nbsp; travaille au nom de la communaut\u00e9 &nbsp; &nbsp; &nbsp; &nbsp; Ce site Internet a \u00e9t\u00e9 cr\u00e9\u00e9 dans le cadre de \u00ab <a class=\"more-link\" href=\"https:\/\/neu-in-stemwede.de\/fr\/partner\/\">weiterlesen&#8230;<\/a><\/p>\n","protected":false},"author":1,"featured_media":0,"parent":0,"menu_order":0,"comment_status":"closed","ping_status":"closed","template":"","meta":{"footnotes":""},"class_list":["post-37","page","type-page","status-publish","hentry"],"_links":{"self":[{"href":"https:\/\/neu-in-stemwede.de\/fr\/wp-json\/wp\/v2\/pages\/37","targetHints":{"allow":["GET"]}}],"collection":[{"href":"https:\/\/neu-in-stemwede.de\/fr\/wp-json\/wp\/v2\/pages"}],"about":[{"href":"https:\/\/neu-in-stemwede.de\/fr\/wp-json\/wp\/v2\/types\/page"}],"author":[{"embeddable":true,"href":"https:\/\/neu-in-stemwede.de\/fr\/wp-json\/wp\/v2\/users\/1"}],"replies":[{"embeddable":true,"href":"https:\/\/neu-in-stemwede.de\/fr\/wp-json\/wp\/v2\/comments?post=37"}],"version-history":[{"count":10,"href":"https:\/\/neu-in-stemwede.de\/fr\/wp-json\/wp\/v2\/pages\/37\/revisions"}],"predecessor-version":[{"id":291,"href":"https:\/\/neu-in-stemwede.de\/fr\/wp-json\/wp\/v2\/pages\/37\/revisions\/291"}],"wp:attachment":[{"href":"https:\/\/neu-in-stemwede.de\/fr\/wp-json\/wp\/v2\/media?parent=37"}],"curies":[{"name":"wp","href":"https:\/\/api.w.org\/{rel}","templated":true}]}}