{"id":31,"date":"2016-02-10T21:28:06","date_gmt":"2016-02-10T21:28:06","guid":{"rendered":"http:\/\/neu-in-stemwede.de\/?page_id=31"},"modified":"2024-01-17T23:27:31","modified_gmt":"2024-01-17T23:27:31","slug":"materialien","status":"publish","type":"page","link":"https:\/\/neu-in-stemwede.de\/fr\/materialien\/","title":{"rendered":"Mat\u00e9riels"},"content":{"rendered":"<p>Les documents d&rsquo;aide aux r\u00e9fugi\u00e9s suivants sont actuellement disponibles en t\u00e9l\u00e9chargement (en allemand):<\/p>\n<ul>\n<li><a href=\"https:\/\/neu-in-stemwede.de\/wp-content\/uploads\/2023\/12\/Flyer_Fluechtlingshilfe_Stemwede.pdf\" target=\"_blank\" rel=\"noopener\">Flyer \u00ab\u00a0Wie kann ich helfen?\u00a0\u00bb<\/a> (PDF)<\/li>\n<li><a href=\"https:\/\/neu-in-stemwede.de\/wp-content\/uploads\/2023\/12\/Visitenkarte_Fluechtlingshilfe_Stemwede.pdf\" target=\"_blank\" rel=\"noopener\">Visitenkarte Fl\u00fcchtlingshilfe<\/a> (PDF)\n\t\t<style type=\"text\/css\">\n\t\t\t#gallery-6 {\n\t\t\t\tmargin: auto;\n\t\t\t}\n\t\t\t#gallery-6 .gallery-item {\n\t\t\t\tfloat: left;\n\t\t\t\tmargin-top: 10px;\n\t\t\t\ttext-align: center;\n\t\t\t\twidth: 50%;\n\t\t\t}\n\t\t\t#gallery-6 img {\n\t\t\t\tborder: 2px solid #cfcfcf;\n\t\t\t}\n\t\t\t#gallery-6 .gallery-caption {\n\t\t\t\tmargin-left: 0;\n\t\t\t}\n\t\t\t\/* see gallery_shortcode() in wp-includes\/media.php *\/\n\t\t<\/style>\n\t\t<div id='gallery-6' class='gallery galleryid-31 gallery-columns-2 gallery-size-large'><dl class='gallery-item'>\n\t\t\t<dt class='gallery-icon landscape'>\n\t\t\t\t<img loading=\"lazy\" decoding=\"async\" width=\"540\" height=\"360\" src=\"https:\/\/neu-in-stemwede.de\/wp-content\/uploads\/2024\/01\/WhatsApp-Image-2024-01-15-at-10.08.47-1024x682.jpeg\" class=\"attachment-large size-large\" alt=\"\" srcset=\"https:\/\/neu-in-stemwede.de\/wp-content\/uploads\/2024\/01\/WhatsApp-Image-2024-01-15-at-10.08.47-1024x682.jpeg 1024w, https:\/\/neu-in-stemwede.de\/wp-content\/uploads\/2024\/01\/WhatsApp-Image-2024-01-15-at-10.08.47-300x200.jpeg 300w, https:\/\/neu-in-stemwede.de\/wp-content\/uploads\/2024\/01\/WhatsApp-Image-2024-01-15-at-10.08.47-768x511.jpeg 768w, https:\/\/neu-in-stemwede.de\/wp-content\/uploads\/2024\/01\/WhatsApp-Image-2024-01-15-at-10.08.47.jpeg 1492w\" sizes=\"auto, (max-width: 540px) 100vw, 540px\" \/>\n\t\t\t<\/dt><\/dl><dl class='gallery-item'>\n\t\t\t<dt class='gallery-icon landscape'>\n\t\t\t\t<img loading=\"lazy\" decoding=\"async\" width=\"540\" height=\"375\" src=\"https:\/\/neu-in-stemwede.de\/wp-content\/uploads\/2024\/01\/WhatsApp-Image-2024-01-15-at-10.08.49-1024x712.jpeg\" class=\"attachment-large size-large\" alt=\"\" srcset=\"https:\/\/neu-in-stemwede.de\/wp-content\/uploads\/2024\/01\/WhatsApp-Image-2024-01-15-at-10.08.49-1024x712.jpeg 1024w, https:\/\/neu-in-stemwede.de\/wp-content\/uploads\/2024\/01\/WhatsApp-Image-2024-01-15-at-10.08.49-300x209.jpeg 300w, https:\/\/neu-in-stemwede.de\/wp-content\/uploads\/2024\/01\/WhatsApp-Image-2024-01-15-at-10.08.49-768x534.jpeg 768w, https:\/\/neu-in-stemwede.de\/wp-content\/uploads\/2024\/01\/WhatsApp-Image-2024-01-15-at-10.08.49.jpeg 1447w\" sizes=\"auto, (max-width: 540px) 100vw, 540px\" \/>\n\t\t\t<\/dt><\/dl><br style=\"clear: both\" \/><dl class='gallery-item'>\n\t\t\t<dt class='gallery-icon landscape'>\n\t\t\t\t<img loading=\"lazy\" decoding=\"async\" width=\"540\" height=\"403\" src=\"https:\/\/neu-in-stemwede.de\/wp-content\/uploads\/2024\/01\/WhatsApp-Image-2024-01-15-at-10.10.32-1024x765.jpeg\" class=\"attachment-large size-large\" alt=\"\" srcset=\"https:\/\/neu-in-stemwede.de\/wp-content\/uploads\/2024\/01\/WhatsApp-Image-2024-01-15-at-10.10.32-1024x765.jpeg 1024w, https:\/\/neu-in-stemwede.de\/wp-content\/uploads\/2024\/01\/WhatsApp-Image-2024-01-15-at-10.10.32-300x224.jpeg 300w, https:\/\/neu-in-stemwede.de\/wp-content\/uploads\/2024\/01\/WhatsApp-Image-2024-01-15-at-10.10.32-768x574.jpeg 768w, https:\/\/neu-in-stemwede.de\/wp-content\/uploads\/2024\/01\/WhatsApp-Image-2024-01-15-at-10.10.32.jpeg 1267w\" sizes=\"auto, (max-width: 540px) 100vw, 540px\" \/>\n\t\t\t<\/dt><\/dl><dl class='gallery-item'>\n\t\t\t<dt class='gallery-icon landscape'>\n\t\t\t\t<img loading=\"lazy\" decoding=\"async\" width=\"540\" height=\"359\" src=\"https:\/\/neu-in-stemwede.de\/wp-content\/uploads\/2024\/01\/WhatsApp-Image-2024-01-15-at-10.10.35-1024x681.jpeg\" class=\"attachment-large size-large\" alt=\"\" srcset=\"https:\/\/neu-in-stemwede.de\/wp-content\/uploads\/2024\/01\/WhatsApp-Image-2024-01-15-at-10.10.35-1024x681.jpeg 1024w, https:\/\/neu-in-stemwede.de\/wp-content\/uploads\/2024\/01\/WhatsApp-Image-2024-01-15-at-10.10.35-300x199.jpeg 300w, https:\/\/neu-in-stemwede.de\/wp-content\/uploads\/2024\/01\/WhatsApp-Image-2024-01-15-at-10.10.35-768x511.jpeg 768w, https:\/\/neu-in-stemwede.de\/wp-content\/uploads\/2024\/01\/WhatsApp-Image-2024-01-15-at-10.10.35-1536x1021.jpeg 1536w, https:\/\/neu-in-stemwede.de\/wp-content\/uploads\/2024\/01\/WhatsApp-Image-2024-01-15-at-10.10.35.jpeg 1596w\" sizes=\"auto, (max-width: 540px) 100vw, 540px\" \/>\n\t\t\t<\/dt><\/dl><br style=\"clear: both\" \/><dl class='gallery-item'>\n\t\t\t<dt class='gallery-icon landscape'>\n\t\t\t\t<img loading=\"lazy\" decoding=\"async\" width=\"540\" height=\"405\" src=\"https:\/\/neu-in-stemwede.de\/wp-content\/uploads\/2024\/01\/WhatsApp-Image-2024-01-15-at-10.10.361-1024x768.jpeg\" class=\"attachment-large size-large\" alt=\"\" srcset=\"https:\/\/neu-in-stemwede.de\/wp-content\/uploads\/2024\/01\/WhatsApp-Image-2024-01-15-at-10.10.361-1024x768.jpeg 1024w, https:\/\/neu-in-stemwede.de\/wp-content\/uploads\/2024\/01\/WhatsApp-Image-2024-01-15-at-10.10.361-300x225.jpeg 300w, https:\/\/neu-in-stemwede.de\/wp-content\/uploads\/2024\/01\/WhatsApp-Image-2024-01-15-at-10.10.361-768x576.jpeg 768w, https:\/\/neu-in-stemwede.de\/wp-content\/uploads\/2024\/01\/WhatsApp-Image-2024-01-15-at-10.10.361-1536x1152.jpeg 1536w, https:\/\/neu-in-stemwede.de\/wp-content\/uploads\/2024\/01\/WhatsApp-Image-2024-01-15-at-10.10.361.jpeg 1600w\" sizes=\"auto, (max-width: 540px) 100vw, 540px\" \/>\n\t\t\t<\/dt><\/dl><dl class='gallery-item'>\n\t\t\t<dt class='gallery-icon landscape'>\n\t\t\t\t<img loading=\"lazy\" decoding=\"async\" width=\"540\" height=\"378\" src=\"https:\/\/neu-in-stemwede.de\/wp-content\/uploads\/2024\/01\/WhatsApp-Image-2024-01-15-at-10.10.36-1024x716.jpeg\" class=\"attachment-large size-large\" alt=\"\" srcset=\"https:\/\/neu-in-stemwede.de\/wp-content\/uploads\/2024\/01\/WhatsApp-Image-2024-01-15-at-10.10.36-1024x716.jpeg 1024w, https:\/\/neu-in-stemwede.de\/wp-content\/uploads\/2024\/01\/WhatsApp-Image-2024-01-15-at-10.10.36-300x210.jpeg 300w, https:\/\/neu-in-stemwede.de\/wp-content\/uploads\/2024\/01\/WhatsApp-Image-2024-01-15-at-10.10.36-768x537.jpeg 768w, https:\/\/neu-in-stemwede.de\/wp-content\/uploads\/2024\/01\/WhatsApp-Image-2024-01-15-at-10.10.36.jpeg 1309w\" sizes=\"auto, (max-width: 540px) 100vw, 540px\" \/>\n\t\t\t<\/dt><\/dl><br style=\"clear: both\" \/>\n\t\t<\/div>\n<\/li>\n<\/ul>\n<p><\/p>","protected":false},"excerpt":{"rendered":"<p>Les documents d&rsquo;aide aux r\u00e9fugi\u00e9s suivants sont actuellement disponibles en t\u00e9l\u00e9chargement (en allemand): Flyer \u00ab\u00a0Wie kann ich helfen?\u00a0\u00bb (PDF) Visitenkarte Fl\u00fcchtlingshilfe (PDF)<\/p>\n","protected":false},"author":1,"featured_media":0,"parent":0,"menu_order":0,"comment_status":"closed","ping_status":"closed","template":"","meta":{"footnotes":""},"class_list":["post-31","page","type-page","status-publish","hentry"],"_links":{"self":[{"href":"https:\/\/neu-in-stemwede.de\/fr\/wp-json\/wp\/v2\/pages\/31","targetHints":{"allow":["GET"]}}],"collection":[{"href":"https:\/\/neu-in-stemwede.de\/fr\/wp-json\/wp\/v2\/pages"}],"about":[{"href":"https:\/\/neu-in-stemwede.de\/fr\/wp-json\/wp\/v2\/types\/page"}],"author":[{"embeddable":true,"href":"https:\/\/neu-in-stemwede.de\/fr\/wp-json\/wp\/v2\/users\/1"}],"replies":[{"embeddable":true,"href":"https:\/\/neu-in-stemwede.de\/fr\/wp-json\/wp\/v2\/comments?post=31"}],"version-history":[{"count":11,"href":"https:\/\/neu-in-stemwede.de\/fr\/wp-json\/wp\/v2\/pages\/31\/revisions"}],"predecessor-version":[{"id":304,"href":"https:\/\/neu-in-stemwede.de\/fr\/wp-json\/wp\/v2\/pages\/31\/revisions\/304"}],"wp:attachment":[{"href":"https:\/\/neu-in-stemwede.de\/fr\/wp-json\/wp\/v2\/media?parent=31"}],"curies":[{"name":"wp","href":"https:\/\/api.w.org\/{rel}","templated":true}]}}