{"id":214,"date":"2018-05-24T21:51:53","date_gmt":"2018-05-24T21:51:53","guid":{"rendered":"http:\/\/neu-in-stemwede.de\/?page_id=214"},"modified":"2024-01-11T23:01:43","modified_gmt":"2024-01-11T23:01:43","slug":"datenschutz","status":"publish","type":"page","link":"https:\/\/neu-in-stemwede.de\/fr\/datenschutz\/","title":{"rendered":"protection des donn\u00e9es"},"content":{"rendered":"<p>Fournisseur, \u00e9diteur et responsable de ces sites Internet (selon \u00a75 TMG) \u200b\u200b:<\/p>\n<p>Association pour la jeunesse, les loisirs et la culture \u00e0 Stemwede e.V.<br \/>\n1er pr\u00e9sident : Klaus Riechmann<br \/>\nAm Schulzentrum 14, 32351 Stemwede<\/p>\n<p>T\u00e9l\u00e9phone\u00a0: +49-(0)5773-991402<br \/>\ninfo@jfk-stemwede.de.de<\/p>\n<p>Affiliation \u00e0 une association : Association allemande de protection sociale<br \/>\nNum\u00e9ro de registre de l&rsquo;association : 16VR50176 aupr\u00e8s du tribunal de district de Bad Oeynhausen<br \/>\nNum\u00e9ro fiscal\u00a0: 331\/5853\/0106<\/p>\n<p>Mention de responsabilit\u00e9 : Malgr\u00e9 un contr\u00f4le minutieux du contenu, nous n&rsquo;assumons aucune responsabilit\u00e9 pour le contenu des liens externes. Les op\u00e9rateurs sont seuls responsables du contenu des pages li\u00e9es.<\/p>\n<p>Concept &amp; r\u00e9alisation : Lars Schulz<\/p>\n<p>protection des donn\u00e9es<\/p>\n<p>Nous, l&rsquo;Association pour la jeunesse, les loisirs et la culture de Stemwede e.V. (JFK Stemwede), consid\u00e9rons qu&rsquo;il est tr\u00e8s important que vos donn\u00e9es personnelles soient prot\u00e9g\u00e9es et respectons donc strictement les r\u00e8gles des lois sur la protection des donn\u00e9es. Les donn\u00e9es personnelles ne sont collect\u00e9es sur ce site Web que dans la mesure o\u00f9 cela est techniquement n\u00e9cessaire. Ces donn\u00e9es ne seront ni vendues ni transmises \u00e0 des tiers pour d&rsquo;autres raisons (exceptions voir ci-dessous).<\/p>\n<p>Vous trouverez ci-dessous un aper\u00e7u de la mani\u00e8re dont nous garantissons cette protection, quelles donn\u00e9es sont collect\u00e9es et dans quel but.<\/p>\n<p>Traitement des donn\u00e9es sur notre site Internet<br \/>\nJFK Stemwede e.V. collecte et stocke automatiquement des informations sur le serveur dans des fichiers journaux que votre navigateur Web nous transmet. Ceux-ci sont:<br \/>\n*Type\/version du navigateur<br \/>\n*syst\u00e8me d&rsquo;exploitation utilis\u00e9<br \/>\n* R\u00e9f\u00e9rent (quelle page a \u00e9t\u00e9 pr\u00e9c\u00e9demment visit\u00e9e)<br \/>\n* Nom du site de l&rsquo;ordinateur acc\u00e9dant (adresse IP)<br \/>\n* Heure de la requ\u00eate au serveur<br \/>\nJFK Stemwede ne peut pas attribuer ces donn\u00e9es \u00e0 une personne sp\u00e9cifique. Ces donn\u00e9es ne seront pas li\u00e9es \u00e0 d&rsquo;autres sources de donn\u00e9es et seront \u00e9galement supprim\u00e9es apr\u00e8s une \u00e9valuation statistique.<\/p>\n<p>Biscuits<br \/>\nNotre site Web utilise des cookies \u00e0 plusieurs endroits. Nous souhaitons rendre notre page d&rsquo;accueil plus conviviale et plus s\u00e9curis\u00e9e. Les cookies sont de petits textes stock\u00e9s sur votre ordinateur. Nous utilisons le plus souvent des \u00ab cookies de session \u00bb, qui sont automatiquement supprim\u00e9s \u00e0 la fin de votre visite. Les cookies ne contiennent pas de virus et ne provoquent aucun autre dommage.<\/p>\n<p>Bulletin<br \/>\nSi vous souhaitez vous abonner \u00e0 notre newsletter, nous avons besoin de votre adresse e-mail et de la confirmation que vous \u00eates le propri\u00e9taire de cette adresse. Ceci est r\u00e9alis\u00e9 par un e-mail de confirmation apr\u00e8s avoir \u00e9t\u00e9 ajout\u00e9 \u00e0 la liste de distribution. Aucune autre donn\u00e9e n\u2019est collect\u00e9e.<\/p>\n<p>Vous pouvez \u00e0 tout moment r\u00e9voquer votre consentement au stockage des donn\u00e9es, de l&rsquo;adresse e-mail et \u00e0 leur utilisation pour l&rsquo;envoi de la newsletter.<\/p>\n<p>Google Analytics<br \/>\n\u00ab\u00a0Ce site Web utilise Google Analytics, un service d&rsquo;analyse Web fourni par Googe Inc. (\u00ab\u00a0Google\u00a0\u00bb). Google Analytics utilise ce que l&rsquo;on appelle des \u00ab\u00a0cookies\u00a0\u00bb, des fichiers texte qui sont stock\u00e9s sur votre ordinateur et qui permettent d&rsquo;\u00e9valuer votre utilisation du site Web. analys\u00e9. Les informations g\u00e9n\u00e9r\u00e9es par les cookies concernant votre utilisation de ce site Internet (y compris votre adresse IP) sont transmises \u00e0 un serveur de Google aux \u00c9tats-Unis et y sont stock\u00e9es. Google utilisera ces informations pour \u00e9valuer votre utilisation du site Web, pour compiler des rapports sur l&rsquo;activit\u00e9 du site Web \u00e0 l&rsquo;intention des op\u00e9rateurs du site Web et pour fournir d&rsquo;autres services li\u00e9s \u00e0 l&rsquo;activit\u00e9 du site Web et \u00e0 l&rsquo;utilisation d&rsquo;Internet. Google peut \u00e9galement transmettre ces informations \u00e0 des tiers si la loi l&rsquo;exige ou si des tiers traitent ces donn\u00e9es pour le compte de Google. En aucun cas, Google n&rsquo;associera votre adresse IP \u00e0 d&rsquo;autres donn\u00e9es Google. Vous pouvez emp\u00eacher l&rsquo;installation de cookies en configurant votre logiciel de navigation en cons\u00e9quence ; Nous attirons toutefois votre attention sur le fait que dans ce cas, vous ne pourrez peut-\u00eatre pas utiliser pleinement toutes les fonctions de ce site Internet. En utilisant ce site Internet, vous acceptez le traitement des donn\u00e9es vous concernant collect\u00e9es par Google de la mani\u00e8re et aux fins d\u00e9crites ci-dessus.<\/p>\n<p>droit de fournir des informations<br \/>\nVous avez \u00e0 tout moment le droit d&rsquo;\u00eatre inform\u00e9 sur les donn\u00e9es stock\u00e9es vous concernant, leur origine et la finalit\u00e9 de leur stockage. Le d\u00e9l\u00e9gu\u00e9 \u00e0 la protection des donn\u00e9es vorstand@jfk-stemwede.de fournit des informations sur les donn\u00e9es stock\u00e9es.<\/p>\n<p>Des questions<br \/>\nSi vous avez des questions sur notre protection des donn\u00e9es, nous serons heureux de vous aider. E-mail : info@jfk-stemwede.de.Fournisseur, \u00e9diteur et responsable de ces sites Internet (selon \u00a75 TMG) \u200b\u200b:<\/p>\n<p>Association pour la jeunesse, les loisirs et la culture \u00e0 Stemwede e.V.<br \/>\n1er pr\u00e9sident : Klaus Riechmann<br \/>\nAm Schulzentrum 14, 32351 Stemwede<\/p>\n<p>T\u00e9l\u00e9phone\u00a0: +49-(0)5773-991402<br \/>\ninfo@jfk-stemwede.de.de<\/p>\n<p>Affiliation \u00e0 une association : Association allemande de protection sociale<br \/>\nNum\u00e9ro de registre de l&rsquo;association : 16VR50176 aupr\u00e8s du tribunal de district de Bad Oeynhausen<br \/>\nNum\u00e9ro fiscal\u00a0: 331\/5853\/0106<\/p>\n<p>Mention de responsabilit\u00e9 : Malgr\u00e9 un contr\u00f4le minutieux du contenu, nous n&rsquo;assumons aucune responsabilit\u00e9 pour le contenu des liens externes. Les op\u00e9rateurs sont seuls responsables du contenu des pages li\u00e9es.<\/p>\n<p>Concept &amp; r\u00e9alisation : Lars Schulz<\/p>\n<p>protection des donn\u00e9es<\/p>\n<p>Nous, l&rsquo;Association pour la jeunesse, les loisirs et la culture de Stemwede e.V. (JFK Stemwede), consid\u00e9rons qu&rsquo;il est tr\u00e8s important que vos donn\u00e9es personnelles soient prot\u00e9g\u00e9es et respectons donc strictement les r\u00e8gles des lois sur la protection des donn\u00e9es. Les donn\u00e9es personnelles ne sont collect\u00e9es sur ce site Web que dans la mesure o\u00f9 cela est techniquement n\u00e9cessaire. Ces donn\u00e9es ne seront ni vendues ni transmises \u00e0 des tiers pour d&rsquo;autres raisons (exceptions voir ci-dessous).<\/p>\n<p>Vous trouverez ci-dessous un aper\u00e7u de la mani\u00e8re dont nous garantissons cette protection, quelles donn\u00e9es sont collect\u00e9es et dans quel but.<\/p>\n<p>Traitement des donn\u00e9es sur notre site Internet<br \/>\nJFK Stemwede e.V. collecte et stocke automatiquement des informations sur le serveur dans des fichiers journaux que votre navigateur Web nous transmet. Ceux-ci sont:<br \/>\n*Type\/version du navigateur<br \/>\n*syst\u00e8me d&rsquo;exploitation utilis\u00e9<br \/>\n* R\u00e9f\u00e9rent (quelle page a \u00e9t\u00e9 pr\u00e9c\u00e9demment visit\u00e9e)<br \/>\n* Nom du site de l&rsquo;ordinateur acc\u00e9dant (adresse IP)<br \/>\n* Heure de la requ\u00eate au serveur<br \/>\nJFK Stemwede ne peut pas attribuer ces donn\u00e9es \u00e0 une personne sp\u00e9cifique. Ces donn\u00e9es ne seront pas li\u00e9es \u00e0 d&rsquo;autres sources de donn\u00e9es et seront \u00e9galement supprim\u00e9es apr\u00e8s une \u00e9valuation statistique.<\/p>\n<p>Biscuits<br \/>\nNotre site Web utilise des cookies \u00e0 plusieurs endroits. Nous souhaitons rendre notre page d&rsquo;accueil plus conviviale et plus s\u00e9curis\u00e9e. Les cookies sont de petits textes stock\u00e9s sur votre ordinateur. Nous utilisons le plus souvent des \u00ab cookies de session \u00bb, qui sont automatiquement supprim\u00e9s \u00e0 la fin de votre visite. Les cookies ne contiennent pas de virus et ne provoquent aucun autre dommage.<\/p>\n<p>Bulletin<br \/>\nSi vous souhaitez vous abonner \u00e0 notre newsletter, nous avons besoin de votre adresse e-mail et de la confirmation que vous \u00eates le propri\u00e9taire de cette adresse. Ceci est r\u00e9alis\u00e9 par un e-mail de confirmation apr\u00e8s avoir \u00e9t\u00e9 ajout\u00e9 \u00e0 la liste de distribution. Aucune autre donn\u00e9e n\u2019est collect\u00e9e.<\/p>\n<p>Vous pouvez \u00e0 tout moment r\u00e9voquer votre consentement au stockage des donn\u00e9es, de l&rsquo;adresse e-mail et \u00e0 leur utilisation pour l&rsquo;envoi de la newsletter.<\/p>\n<p>Google Analytics<br \/>\n\u00ab\u00a0Ce site Web utilise Google Analytics, un service d&rsquo;analyse Web fourni par Googe Inc. (\u00ab\u00a0Google\u00a0\u00bb). Google Analytics utilise ce que l&rsquo;on appelle des \u00ab\u00a0cookies\u00a0\u00bb, des fichiers texte qui sont stock\u00e9s sur votre ordinateur et qui permettent d&rsquo;\u00e9valuer votre utilisation du site Web. analys\u00e9. Les informations g\u00e9n\u00e9r\u00e9es par les cookies concernant votre utilisation de ce site Internet (y compris votre adresse IP) sont transmises \u00e0 un serveur de Google aux \u00c9tats-Unis et y sont stock\u00e9es. Google utilisera ces informations pour \u00e9valuer votre utilisation du site Web, pour compiler des rapports sur l&rsquo;activit\u00e9 du site Web \u00e0 l&rsquo;intention des op\u00e9rateurs du site Web et pour fournir d&rsquo;autres services li\u00e9s \u00e0 l&rsquo;activit\u00e9 du site Web et \u00e0 l&rsquo;utilisation d&rsquo;Internet. Google peut \u00e9galement transmettre ces informations \u00e0 des tiers si la loi l&rsquo;exige ou si des tiers traitent ces donn\u00e9es pour le compte de Google. En aucun cas, Google n&rsquo;associera votre adresse IP \u00e0 d&rsquo;autres donn\u00e9es Google. Vous pouvez emp\u00eacher l&rsquo;installation de cookies en configurant votre logiciel de navigation en cons\u00e9quence ; Nous attirons toutefois votre attention sur le fait que dans ce cas, vous ne pourrez peut-\u00eatre pas utiliser pleinement toutes les fonctions de ce site Internet. En utilisant ce site Internet, vous acceptez le traitement des donn\u00e9es vous concernant collect\u00e9es par Google de la mani\u00e8re et aux fins d\u00e9crites ci-dessus.<\/p>\n<p>droit de fournir des informations<br \/>\nVous avez \u00e0 tout moment le droit d&rsquo;\u00eatre inform\u00e9 sur les donn\u00e9es stock\u00e9es vous concernant, leur origine et la finalit\u00e9 de leur stockage. Le d\u00e9l\u00e9gu\u00e9 \u00e0 la protection des donn\u00e9es vorstand@jfk-stemwede.de fournit des informations sur les donn\u00e9es stock\u00e9es.<\/p>\n<p>Des questions<br \/>\nSi vous avez des questions sur notre protection des donn\u00e9es, nous serons heureux de vous aider. E-mail : info@jfk-stemwede.de.<\/p>","protected":false},"excerpt":{"rendered":"<p>Fournisseur, \u00e9diteur et responsable de ces sites Internet (selon \u00a75 TMG) \u200b\u200b: Association pour la jeunesse, les loisirs et la culture \u00e0 Stemwede e.V. 1er pr\u00e9sident : Klaus Riechmann Am Schulzentrum 14, 32351 Stemwede T\u00e9l\u00e9phone\u00a0: +49-(0)5773-991402 info@jfk-stemwede.de.de Affiliation \u00e0 une <a class=\"more-link\" href=\"https:\/\/neu-in-stemwede.de\/fr\/datenschutz\/\">weiterlesen&#8230;<\/a><\/p>\n","protected":false},"author":1,"featured_media":0,"parent":0,"menu_order":0,"comment_status":"closed","ping_status":"closed","template":"","meta":{"footnotes":""},"class_list":["post-214","page","type-page","status-publish","hentry"],"_links":{"self":[{"href":"https:\/\/neu-in-stemwede.de\/fr\/wp-json\/wp\/v2\/pages\/214","targetHints":{"allow":["GET"]}}],"collection":[{"href":"https:\/\/neu-in-stemwede.de\/fr\/wp-json\/wp\/v2\/pages"}],"about":[{"href":"https:\/\/neu-in-stemwede.de\/fr\/wp-json\/wp\/v2\/types\/page"}],"author":[{"embeddable":true,"href":"https:\/\/neu-in-stemwede.de\/fr\/wp-json\/wp\/v2\/users\/1"}],"replies":[{"embeddable":true,"href":"https:\/\/neu-in-stemwede.de\/fr\/wp-json\/wp\/v2\/comments?post=214"}],"version-history":[{"count":6,"href":"https:\/\/neu-in-stemwede.de\/fr\/wp-json\/wp\/v2\/pages\/214\/revisions"}],"predecessor-version":[{"id":288,"href":"https:\/\/neu-in-stemwede.de\/fr\/wp-json\/wp\/v2\/pages\/214\/revisions\/288"}],"wp:attachment":[{"href":"https:\/\/neu-in-stemwede.de\/fr\/wp-json\/wp\/v2\/media?parent=214"}],"curies":[{"name":"wp","href":"https:\/\/api.w.org\/{rel}","templated":true}]}}