{"id":41,"date":"2016-02-10T21:40:43","date_gmt":"2016-02-10T21:40:43","guid":{"rendered":"http:\/\/neu-in-stemwede.de\/?page_id=41"},"modified":"2024-01-19T13:46:40","modified_gmt":"2024-01-19T13:46:40","slug":"herzlich-willkommen","status":"publish","type":"page","link":"https:\/\/neu-in-stemwede.de\/es\/","title":{"rendered":"Bienvenida"},"content":{"rendered":"<p>Stemwede Refugee Aid apoya a los solicitantes de asilo y refugiados en la comunidad de Stemwede de forma voluntaria y a tiempo completo. En el futuro, esta p\u00e1gina proporcionar\u00e1 toda la informaci\u00f3n para los reci\u00e9n llegados a nuestra comunidad. Pero tambi\u00e9n es un lugar para todas las personas que quieran apoyarnos en este trabajo con consejos, apoyo, materiales o dinero.<\/p>\n<p><img loading=\"lazy\" decoding=\"async\" class=\"wp-image-306 alignleft\" src=\"https:\/\/neu-in-stemwede.de\/wp-content\/uploads\/2024\/01\/Channel_Fluechtlingshilfe-300x300.png\" alt=\"\" width=\"82\" height=\"82\" srcset=\"https:\/\/neu-in-stemwede.de\/wp-content\/uploads\/2024\/01\/Channel_Fluechtlingshilfe-300x300.png 300w, https:\/\/neu-in-stemwede.de\/wp-content\/uploads\/2024\/01\/Channel_Fluechtlingshilfe-150x150.png 150w, https:\/\/neu-in-stemwede.de\/wp-content\/uploads\/2024\/01\/Channel_Fluechtlingshilfe.png 500w\" sizes=\"auto, (max-width: 82px) 100vw, 82px\" \/>Difundimos la informaci\u00f3n m\u00e1s reciente sobre el tema \u00abNovedades en Stemwede\u00bb a trav\u00e9s de nuestro canal de WhatsApp Ayuda a los refugiados Stemwede. No dudes en seguirlo; simplemente escanea el c\u00f3digo QR a la derecha. Si tiene informaci\u00f3n que nos gustar\u00eda compartir all\u00ed, utilice las opciones de contacto en esta p\u00e1gina.<\/p>\n<p>Nuestra tienda de ropa \u00abSch\u00f6ne Dinge\u00bb abre todos los mi\u00e9rcoles de 17 a 19 horas. Aqu\u00ed puedes encontrar ropa, juegos y art\u00edculos de uso diario gratuitos. Tambi\u00e9n nos complace aceptar sus donaciones en este momento. Nos encontrar\u00e1 en Wehdem, Am Schulzentrum 8 (en el antiguo edificio principal de la escuela con entrada en el aparcamiento de la VHS y la comisar\u00eda de polic\u00eda).<\/p>\n<p><img loading=\"lazy\" decoding=\"async\" class=\"aligncenter wp-image-292 size-large\" src=\"https:\/\/neu-in-stemwede.de\/wp-content\/uploads\/2024\/01\/WhatsApp-Image-2024-01-15-at-10.08.491-1024x492.jpeg\" alt=\"\" width=\"540\" height=\"259\" srcset=\"https:\/\/neu-in-stemwede.de\/wp-content\/uploads\/2024\/01\/WhatsApp-Image-2024-01-15-at-10.08.491-1024x492.jpeg 1024w, https:\/\/neu-in-stemwede.de\/wp-content\/uploads\/2024\/01\/WhatsApp-Image-2024-01-15-at-10.08.491-300x144.jpeg 300w, https:\/\/neu-in-stemwede.de\/wp-content\/uploads\/2024\/01\/WhatsApp-Image-2024-01-15-at-10.08.491-768x369.jpeg 768w, https:\/\/neu-in-stemwede.de\/wp-content\/uploads\/2024\/01\/WhatsApp-Image-2024-01-15-at-10.08.491.jpeg 1198w\" sizes=\"auto, (max-width: 540px) 100vw, 540px\" \/><\/p>","protected":false},"excerpt":{"rendered":"<p>Stemwede Refugee Aid apoya a los solicitantes de asilo y refugiados en la comunidad de Stemwede de forma voluntaria y a tiempo completo. En el futuro, esta p\u00e1gina proporcionar\u00e1 toda la informaci\u00f3n para los reci\u00e9n llegados a nuestra comunidad. Pero <a class=\"more-link\" href=\"https:\/\/neu-in-stemwede.de\/es\/\">weiterlesen&#8230;<\/a><\/p>\n","protected":false},"author":1,"featured_media":0,"parent":0,"menu_order":0,"comment_status":"closed","ping_status":"closed","template":"","meta":{"footnotes":""},"class_list":["post-41","page","type-page","status-publish","hentry"],"_links":{"self":[{"href":"https:\/\/neu-in-stemwede.de\/es\/wp-json\/wp\/v2\/pages\/41","targetHints":{"allow":["GET"]}}],"collection":[{"href":"https:\/\/neu-in-stemwede.de\/es\/wp-json\/wp\/v2\/pages"}],"about":[{"href":"https:\/\/neu-in-stemwede.de\/es\/wp-json\/wp\/v2\/types\/page"}],"author":[{"embeddable":true,"href":"https:\/\/neu-in-stemwede.de\/es\/wp-json\/wp\/v2\/users\/1"}],"replies":[{"embeddable":true,"href":"https:\/\/neu-in-stemwede.de\/es\/wp-json\/wp\/v2\/comments?post=41"}],"version-history":[{"count":11,"href":"https:\/\/neu-in-stemwede.de\/es\/wp-json\/wp\/v2\/pages\/41\/revisions"}],"predecessor-version":[{"id":317,"href":"https:\/\/neu-in-stemwede.de\/es\/wp-json\/wp\/v2\/pages\/41\/revisions\/317"}],"wp:attachment":[{"href":"https:\/\/neu-in-stemwede.de\/es\/wp-json\/wp\/v2\/media?parent=41"}],"curies":[{"name":"wp","href":"https:\/\/api.w.org\/{rel}","templated":true}]}}