{"id":214,"date":"2018-05-24T21:51:53","date_gmt":"2018-05-24T21:51:53","guid":{"rendered":"http:\/\/neu-in-stemwede.de\/?page_id=214"},"modified":"2024-01-11T23:01:43","modified_gmt":"2024-01-11T23:01:43","slug":"datenschutz","status":"publish","type":"page","link":"https:\/\/neu-in-stemwede.de\/es\/datenschutz\/","title":{"rendered":"protecci\u00f3n de Datos"},"content":{"rendered":"<p>Proveedor, editor y responsable de estos sitios web (seg\u00fan \u00a75 TMG):<\/p>\n<p>Asociaci\u00f3n para la juventud, el ocio y la cultura en Stemwede e.V.<br \/>\nPrimer presidente: Klaus Riechmann<br \/>\nAm Schulzentrum 14, 32351 Stemwede<\/p>\n<p>Tel\u00e9fono: +49-(0)5773-991402<br \/>\ninfo@jfk-stemwede.de.de<\/p>\n<p>Afiliaci\u00f3n a la asociaci\u00f3n: Asociaci\u00f3n Alemana de Bienestar Social<br \/>\nN\u00famero de registro de asociaci\u00f3n: 16VR50176 en el tribunal de distrito de Bad Oeynhausen<br \/>\nN\u00famero fiscal: 331\/5853\/0106<\/p>\n<p>Aviso de responsabilidad: A pesar de un cuidadoso control del contenido, no asumimos ninguna responsabilidad por el contenido de los enlaces externos. Los operadores son los \u00fanicos responsables del contenido de las p\u00e1ginas enlazadas.<\/p>\n<p>Concepto y realizaci\u00f3n: Lars Schulz<\/p>\n<p>protecci\u00f3n de Datos<\/p>\n<p>Nosotros, la Asociaci\u00f3n para la Juventud, el Ocio y la Cultura de Stemwede e.V. (JFK Stemwede), consideramos muy importante que sus datos personales est\u00e9n protegidos y, por lo tanto, cumplimos estrictamente las normas de la ley de protecci\u00f3n de datos. Los datos personales solo se recopilan en este sitio web en la medida en que sea t\u00e9cnicamente necesario. Estos datos no se vender\u00e1n ni se transmitir\u00e1n a terceros por otros motivos (ver excepciones a continuaci\u00f3n).<\/p>\n<p>A continuaci\u00f3n se muestra una descripci\u00f3n general de c\u00f3mo garantizamos esta protecci\u00f3n y qu\u00e9 datos se recopilan y con qu\u00e9 prop\u00f3sito.<\/p>\n<p>Tratamiento de datos en nuestro sitio web<br \/>\nJFK Stemwede e.V. recopila y almacena autom\u00e1ticamente informaci\u00f3n en el servidor en archivos de registro que nos transmite su navegador web. Estos son:<br \/>\n* Tipo\/versi\u00f3n del navegador<br \/>\n* sistema operativo utilizado<br \/>\n*Referente (qu\u00e9 p\u00e1gina fue visitada anteriormente)<br \/>\n* Nombre del sitio de la computadora que accede (direcci\u00f3n IP)<br \/>\n* Hora de solicitud al servidor<br \/>\nJFK Stemwede no puede asignar estos datos a una persona espec\u00edfica. Estos datos no se vincular\u00e1n con otras fuentes de datos y tambi\u00e9n se eliminar\u00e1n tras una evaluaci\u00f3n estad\u00edstica.<\/p>\n<p>Galletas<br \/>\nNuestro sitio web utiliza cookies en varios lugares. Nos gustar\u00eda hacer que nuestra p\u00e1gina de inicio sea m\u00e1s f\u00e1cil de usar y segura. Las cookies son peque\u00f1os textos que se almacenan en su ordenador. Utilizamos con mayor frecuencia \u00abcookies de sesi\u00f3n\u00bb, que se eliminan autom\u00e1ticamente al final de su visita. Las cookies no contienen virus y no causan ning\u00fan otro da\u00f1o.<\/p>\n<p>Boletin informativo<br \/>\nSi desea suscribirse a nuestro bolet\u00edn, necesitamos su direcci\u00f3n de correo electr\u00f3nico y la confirmaci\u00f3n de que es el propietario de esta direcci\u00f3n. Esto se logra mediante un correo electr\u00f3nico de confirmaci\u00f3n despu\u00e9s de ser agregado a la lista de distribuci\u00f3n. No se recopilan m\u00e1s datos.<\/p>\n<p>Puede revocar su consentimiento al almacenamiento de sus datos, direcci\u00f3n de correo electr\u00f3nico y su uso para el env\u00edo de la newsletter en cualquier momento.<\/p>\n<p>Google analitico<br \/>\n\u00abEste sitio web utiliza Google Analytics, un servicio de an\u00e1lisis web proporcionado por Googe Inc. (\u00abGoogle\u00bb). Google Analytics utiliza las llamadas \u00abcookies\u00bb, archivos de texto que se almacenan en su computadora y que permiten que su uso del sitio web sea analizado. La informaci\u00f3n generada por las cookies sobre su uso de este sitio web (incluida su direcci\u00f3n IP) se transmite a un servidor de Google en EE. UU. y se almacena all\u00ed. Google utilizar\u00e1 esta informaci\u00f3n para evaluar su uso del sitio web, compilar informes sobre la actividad del sitio web para los operadores del sitio web y proporcionar otros servicios relacionados con la actividad del sitio web y el uso de Internet. Google tambi\u00e9n puede transferir esta informaci\u00f3n a terceros si as\u00ed lo exige la ley o si terceros procesan estos datos por cuenta de Google. En ning\u00fan caso Google asociar\u00e1 su direcci\u00f3n IP con otros datos de Google. Puede impedir la instalaci\u00f3n de cookies configurando el software de su navegador correspondientemente; Sin embargo, le advertimos que en este caso es posible que no pueda utilizar plenamente todas las funciones de este sitio web. Al utilizar este sitio web, usted acepta el procesamiento de los datos recopilados sobre usted por Google en la forma y para el fin descrito anteriormente.\u00bb<\/p>\n<p>derecho a proporcionar informaci\u00f3n<br \/>\nTiene derecho a recibir informaci\u00f3n en cualquier momento sobre los datos almacenados sobre usted, su origen y la finalidad del almacenamiento. El responsable de la protecci\u00f3n de datos vorstand@jfk-stemwede.de proporciona informaci\u00f3n sobre los datos almacenados.<\/p>\n<p>Preguntas<br \/>\nSi tiene alguna pregunta sobre nuestra protecci\u00f3n de datos, estaremos encantados de ayudarle. Correo electr\u00f3nico: info@jfk-stemwede.de.Proveedor, editor y responsable de estos sitios web (seg\u00fan \u00a75 TMG):<\/p>\n<p>Asociaci\u00f3n para la juventud, el ocio y la cultura en Stemwede e.V.<br \/>\nPrimer presidente: Klaus Riechmann<br \/>\nAm Schulzentrum 14, 32351 Stemwede<\/p>\n<p>Tel\u00e9fono: +49-(0)5773-991402<br \/>\ninfo@jfk-stemwede.de.de<\/p>\n<p>Afiliaci\u00f3n a la asociaci\u00f3n: Asociaci\u00f3n Alemana de Bienestar Social<br \/>\nN\u00famero de registro de asociaci\u00f3n: 16VR50176 en el tribunal de distrito de Bad Oeynhausen<br \/>\nN\u00famero fiscal: 331\/5853\/0106<\/p>\n<p>Aviso de responsabilidad: A pesar de un cuidadoso control del contenido, no asumimos ninguna responsabilidad por el contenido de los enlaces externos. Los operadores son los \u00fanicos responsables del contenido de las p\u00e1ginas enlazadas.<\/p>\n<p>Concepto y realizaci\u00f3n: Lars Schulz<\/p>\n<p>protecci\u00f3n de Datos<\/p>\n<p>Nosotros, la Asociaci\u00f3n para la Juventud, el Ocio y la Cultura de Stemwede e.V. (JFK Stemwede), consideramos muy importante que sus datos personales est\u00e9n protegidos y, por lo tanto, cumplimos estrictamente las normas de la ley de protecci\u00f3n de datos. Los datos personales solo se recopilan en este sitio web en la medida en que sea t\u00e9cnicamente necesario. Estos datos no se vender\u00e1n ni se transmitir\u00e1n a terceros por otros motivos (ver excepciones a continuaci\u00f3n).<\/p>\n<p>A continuaci\u00f3n se muestra una descripci\u00f3n general de c\u00f3mo garantizamos esta protecci\u00f3n y qu\u00e9 datos se recopilan y con qu\u00e9 prop\u00f3sito.<\/p>\n<p>Tratamiento de datos en nuestro sitio web<br \/>\nJFK Stemwede e.V. recopila y almacena autom\u00e1ticamente informaci\u00f3n en el servidor en archivos de registro que nos transmite su navegador web. Estos son:<br \/>\n* Tipo\/versi\u00f3n del navegador<br \/>\n* sistema operativo utilizado<br \/>\n*Referente (qu\u00e9 p\u00e1gina fue visitada anteriormente)<br \/>\n* Nombre del sitio de la computadora que accede (direcci\u00f3n IP)<br \/>\n* Hora de solicitud al servidor<br \/>\nJFK Stemwede no puede asignar estos datos a una persona espec\u00edfica. Estos datos no se vincular\u00e1n con otras fuentes de datos y tambi\u00e9n se eliminar\u00e1n tras una evaluaci\u00f3n estad\u00edstica.<\/p>\n<p>Galletas<br \/>\nNuestro sitio web utiliza cookies en varios lugares. Nos gustar\u00eda hacer que nuestra p\u00e1gina de inicio sea m\u00e1s f\u00e1cil de usar y segura. Las cookies son peque\u00f1os textos que se almacenan en su ordenador. Utilizamos con mayor frecuencia \u00abcookies de sesi\u00f3n\u00bb, que se eliminan autom\u00e1ticamente al final de su visita. Las cookies no contienen virus y no causan ning\u00fan otro da\u00f1o.<\/p>\n<p>Boletin informativo<br \/>\nSi desea suscribirse a nuestro bolet\u00edn, necesitamos su direcci\u00f3n de correo electr\u00f3nico y la confirmaci\u00f3n de que es el propietario de esta direcci\u00f3n. Esto se logra mediante un correo electr\u00f3nico de confirmaci\u00f3n despu\u00e9s de ser agregado a la lista de distribuci\u00f3n. No se recopilan m\u00e1s datos.<\/p>\n<p>Puede revocar su consentimiento al almacenamiento de sus datos, direcci\u00f3n de correo electr\u00f3nico y su uso para el env\u00edo de la newsletter en cualquier momento.<\/p>\n<p>Google analitico<br \/>\n\u00abEste sitio web utiliza Google Analytics, un servicio de an\u00e1lisis web proporcionado por Googe Inc. (\u00abGoogle\u00bb). Google Analytics utiliza las llamadas \u00abcookies\u00bb, archivos de texto que se almacenan en su computadora y que permiten que su uso del sitio web sea analizado. La informaci\u00f3n generada por las cookies sobre su uso de este sitio web (incluida su direcci\u00f3n IP) se transmite a un servidor de Google en EE. UU. y se almacena all\u00ed. Google utilizar\u00e1 esta informaci\u00f3n para evaluar su uso del sitio web, compilar informes sobre la actividad del sitio web para los operadores del sitio web y proporcionar otros servicios relacionados con la actividad del sitio web y el uso de Internet. Google tambi\u00e9n puede transferir esta informaci\u00f3n a terceros si as\u00ed lo exige la ley o si terceros procesan estos datos por cuenta de Google. En ning\u00fan caso Google asociar\u00e1 su direcci\u00f3n IP con otros datos de Google. Puede impedir la instalaci\u00f3n de cookies configurando el software de su navegador correspondientemente; Sin embargo, le advertimos que en este caso es posible que no pueda utilizar plenamente todas las funciones de este sitio web. Al utilizar este sitio web, usted acepta el procesamiento de los datos recopilados sobre usted por Google en la forma y para el fin descrito anteriormente.\u00bb<\/p>\n<p>derecho a proporcionar informaci\u00f3n<br \/>\nTiene derecho a recibir informaci\u00f3n en cualquier momento sobre los datos almacenados sobre usted, su origen y la finalidad del almacenamiento. El responsable de la protecci\u00f3n de datos vorstand@jfk-stemwede.de proporciona informaci\u00f3n sobre los datos almacenados.<\/p>\n<p>Preguntas<br \/>\nSi tiene alguna pregunta sobre nuestra protecci\u00f3n de datos, estaremos encantados de ayudarle. Correo electr\u00f3nico: info@jfk-stemwede.de.<\/p>","protected":false},"excerpt":{"rendered":"<p>Proveedor, editor y responsable de estos sitios web (seg\u00fan \u00a75 TMG): Asociaci\u00f3n para la juventud, el ocio y la cultura en Stemwede e.V. Primer presidente: Klaus Riechmann Am Schulzentrum 14, 32351 Stemwede Tel\u00e9fono: +49-(0)5773-991402 info@jfk-stemwede.de.de Afiliaci\u00f3n a la asociaci\u00f3n: Asociaci\u00f3n <a class=\"more-link\" href=\"https:\/\/neu-in-stemwede.de\/es\/datenschutz\/\">weiterlesen&#8230;<\/a><\/p>\n","protected":false},"author":1,"featured_media":0,"parent":0,"menu_order":0,"comment_status":"closed","ping_status":"closed","template":"","meta":{"footnotes":""},"class_list":["post-214","page","type-page","status-publish","hentry"],"_links":{"self":[{"href":"https:\/\/neu-in-stemwede.de\/es\/wp-json\/wp\/v2\/pages\/214","targetHints":{"allow":["GET"]}}],"collection":[{"href":"https:\/\/neu-in-stemwede.de\/es\/wp-json\/wp\/v2\/pages"}],"about":[{"href":"https:\/\/neu-in-stemwede.de\/es\/wp-json\/wp\/v2\/types\/page"}],"author":[{"embeddable":true,"href":"https:\/\/neu-in-stemwede.de\/es\/wp-json\/wp\/v2\/users\/1"}],"replies":[{"embeddable":true,"href":"https:\/\/neu-in-stemwede.de\/es\/wp-json\/wp\/v2\/comments?post=214"}],"version-history":[{"count":6,"href":"https:\/\/neu-in-stemwede.de\/es\/wp-json\/wp\/v2\/pages\/214\/revisions"}],"predecessor-version":[{"id":288,"href":"https:\/\/neu-in-stemwede.de\/es\/wp-json\/wp\/v2\/pages\/214\/revisions\/288"}],"wp:attachment":[{"href":"https:\/\/neu-in-stemwede.de\/es\/wp-json\/wp\/v2\/media?parent=214"}],"curies":[{"name":"wp","href":"https:\/\/api.w.org\/{rel}","templated":true}]}}